{"id":61,"date":"2025-05-20T07:12:24","date_gmt":"2025-05-20T07:12:24","guid":{"rendered":"https:\/\/delaneamu.ro\/our-bread\/"},"modified":"2025-09-28T16:29:22","modified_gmt":"2025-09-28T16:29:22","slug":"produse","status":"publish","type":"page","link":"https:\/\/delaneamu.ro\/en\/produse\/","title":{"rendered":"Products"},"content":{"rendered":"<div data-elementor-type=\"wp-page\" data-elementor-id=\"61\" class=\"elementor elementor-61\" data-elementor-post-type=\"page\">\n\t\t\t\t<div class=\"elementor-element elementor-element-ac61120 e-con-full e-flex elementor-invisible e-con e-parent\" data-id=\"ac61120\" data-element_type=\"container\" data-settings=\"{&quot;background_background&quot;:&quot;classic&quot;,&quot;animation&quot;:&quot;fadeIn&quot;}\">\n\t\t\t\t<div class=\"elementor-element elementor-element-a372c06 animated-slow elementor-invisible elementor-widget elementor-widget-heading\" data-id=\"a372c06\" data-element_type=\"widget\" data-settings=\"{&quot;_animation&quot;:&quot;fadeIn&quot;}\" data-widget_type=\"heading.default\">\n\t\t\t\t<div class=\"elementor-widget-container\">\n\t\t\t\t\t<h1 class=\"elementor-heading-title elementor-size-default\">Our products<\/h1>\t\t\t\t<\/div>\n\t\t\t\t<\/div>\n\t\t\t\t<\/div>\n\t\t<div class=\"elementor-element elementor-element-3d1ba14 e-flex e-con-boxed e-con e-parent\" data-id=\"3d1ba14\" data-element_type=\"container\">\n\t\t\t\t\t<div class=\"e-con-inner\">\n\t\t\t\t<div class=\"elementor-element elementor-element-3ff29d0 elementor-widget elementor-widget-heading\" data-id=\"3ff29d0\" data-element_type=\"widget\" data-widget_type=\"heading.default\">\n\t\t\t\t<div class=\"elementor-widget-container\">\n\t\t\t\t\t<h2 class=\"elementor-heading-title elementor-size-default\">Produse f\u0103cute \u00een cas\u0103, de m\u00e2ini iscusite<\/h2>\t\t\t\t<\/div>\n\t\t\t\t<\/div>\n\t\t\t\t\t<\/div>\n\t\t\t\t<\/div>\n\t\t<div class=\"elementor-element elementor-element-44a80a9 e-con-full e-flex e-con e-parent\" data-id=\"44a80a9\" data-element_type=\"container\" data-settings=\"{&quot;motion_fx_motion_fx_scrolling&quot;:&quot;yes&quot;,&quot;motion_fx_translateY_effect&quot;:&quot;yes&quot;,&quot;motion_fx_translateY_speed&quot;:{&quot;unit&quot;:&quot;px&quot;,&quot;size&quot;:1,&quot;sizes&quot;:[]},&quot;motion_fx_translateY_affectedRange&quot;:{&quot;unit&quot;:&quot;%&quot;,&quot;size&quot;:&quot;&quot;,&quot;sizes&quot;:{&quot;start&quot;:25,&quot;end&quot;:75}},&quot;motion_fx_devices&quot;:[&quot;desktop&quot;,&quot;tablet&quot;,&quot;mobile&quot;]}\">\n\t\t<div class=\"elementor-element elementor-element-79d3cad e-con-full e-flex e-con e-child\" data-id=\"79d3cad\" data-element_type=\"container\">\n\t\t\t\t<div class=\"elementor-element elementor-element-22a0f9e elementor-widget elementor-widget-image\" data-id=\"22a0f9e\" data-element_type=\"widget\" data-widget_type=\"image.default\">\n\t\t\t\t<div class=\"elementor-widget-container\">\n\t\t\t\t\t\t\t\t\t\t\t\t\t\t\t<img fetchpriority=\"high\" decoding=\"async\" width=\"800\" height=\"395\" src=\"https:\/\/delaneamu.ro\/wp-content\/uploads\/2025\/05\/produse_sarate-1-1024x505.jpg\" class=\"attachment-large size-large wp-image-413\" alt=\"\" srcset=\"https:\/\/delaneamu.ro\/wp-content\/uploads\/2025\/05\/produse_sarate-1-1024x505.jpg 1024w, https:\/\/delaneamu.ro\/wp-content\/uploads\/2025\/05\/produse_sarate-1-300x148.jpg 300w, https:\/\/delaneamu.ro\/wp-content\/uploads\/2025\/05\/produse_sarate-1-768x379.jpg 768w, https:\/\/delaneamu.ro\/wp-content\/uploads\/2025\/05\/produse_sarate-1-1536x758.jpg 1536w, https:\/\/delaneamu.ro\/wp-content\/uploads\/2025\/05\/produse_sarate-1.jpg 1621w\" sizes=\"(max-width: 800px) 100vw, 800px\" \/>\t\t\t\t\t\t\t\t\t\t\t\t\t\t\t<\/div>\n\t\t\t\t<\/div>\n\t\t\t\t<div class=\"elementor-element elementor-element-e225837 elementor-widget elementor-widget-spacer\" data-id=\"e225837\" data-element_type=\"widget\" data-widget_type=\"spacer.default\">\n\t\t\t\t<div class=\"elementor-widget-container\">\n\t\t\t\t\t\t\t<div class=\"elementor-spacer\">\n\t\t\t<div class=\"elementor-spacer-inner\"><\/div>\n\t\t<\/div>\n\t\t\t\t\t\t<\/div>\n\t\t\t\t<\/div>\n\t\t\t\t<div class=\"elementor-element elementor-element-079af78 elementor-invisible elementor-widget elementor-widget-heading\" data-id=\"079af78\" data-element_type=\"widget\" data-settings=\"{&quot;_animation&quot;:&quot;fadeIn&quot;}\" data-widget_type=\"heading.default\">\n\t\t\t\t<div class=\"elementor-widget-container\">\n\t\t\t\t\t<h5 class=\"elementor-heading-title elementor-size-default\">Produse s\u0103rate \u2013 covrigei, s\u0103r\u0103\u021bele, minicovrigei<\/h5>\t\t\t\t<\/div>\n\t\t\t\t<\/div>\n\t\t\t\t<div class=\"elementor-element elementor-element-9b76a0f elementor-widget elementor-widget-spacer\" data-id=\"9b76a0f\" data-element_type=\"widget\" data-widget_type=\"spacer.default\">\n\t\t\t\t<div class=\"elementor-widget-container\">\n\t\t\t\t\t\t\t<div class=\"elementor-spacer\">\n\t\t\t<div class=\"elementor-spacer-inner\"><\/div>\n\t\t<\/div>\n\t\t\t\t\t\t<\/div>\n\t\t\t\t<\/div>\n\t\t\t\t<div class=\"elementor-element elementor-element-b00f8e5 elementor-tablet-align-center elementor-align-center elementor-widget elementor-widget-button\" data-id=\"b00f8e5\" data-element_type=\"widget\" data-widget_type=\"button.default\">\n\t\t\t\t<div class=\"elementor-widget-container\">\n\t\t\t\t\t\t\t\t\t<div class=\"elementor-button-wrapper\">\n\t\t\t\t\t<a class=\"elementor-button elementor-button-link elementor-size-sm\" href=\"https:\/\/delaneamu.ro\/en\/produse\/produse-sarate\/\">\n\t\t\t\t\t\t<span class=\"elementor-button-content-wrapper\">\n\t\t\t\t\t\t\t\t\t<span class=\"elementor-button-text\">See salty products \u2192<\/span>\n\t\t\t\t\t<\/span>\n\t\t\t\t\t<\/a>\n\t\t\t\t<\/div>\n\t\t\t\t\t\t\t\t<\/div>\n\t\t\t\t<\/div>\n\t\t\t\t<\/div>\n\t\t<div class=\"elementor-element elementor-element-1f2c766 e-con-full e-flex e-con e-child\" data-id=\"1f2c766\" data-element_type=\"container\">\n\t\t\t\t<div class=\"elementor-element elementor-element-e753d29 elementor-widget elementor-widget-image\" data-id=\"e753d29\" data-element_type=\"widget\" data-widget_type=\"image.default\">\n\t\t\t\t<div class=\"elementor-widget-container\">\n\t\t\t\t\t\t\t\t\t\t\t\t\t\t\t<img decoding=\"async\" width=\"800\" height=\"395\" data-src=\"https:\/\/delaneamu.ro\/wp-content\/uploads\/2025\/05\/produse_dulci-1-1024x505.jpg\" class=\"attachment-large size-large wp-image-414 lazyload\" alt=\"\" data-srcset=\"https:\/\/delaneamu.ro\/wp-content\/uploads\/2025\/05\/produse_dulci-1-1024x505.jpg 1024w, https:\/\/delaneamu.ro\/wp-content\/uploads\/2025\/05\/produse_dulci-1-300x148.jpg 300w, https:\/\/delaneamu.ro\/wp-content\/uploads\/2025\/05\/produse_dulci-1-768x379.jpg 768w, https:\/\/delaneamu.ro\/wp-content\/uploads\/2025\/05\/produse_dulci-1-1536x758.jpg 1536w, https:\/\/delaneamu.ro\/wp-content\/uploads\/2025\/05\/produse_dulci-1.jpg 1621w\" data-sizes=\"(max-width: 800px) 100vw, 800px\" src=\"data:image\/svg+xml;base64,PHN2ZyB3aWR0aD0iMSIgaGVpZ2h0PSIxIiB4bWxucz0iaHR0cDovL3d3dy53My5vcmcvMjAwMC9zdmciPjwvc3ZnPg==\" style=\"--smush-placeholder-width: 800px; --smush-placeholder-aspect-ratio: 800\/395;\" \/>\t\t\t\t\t\t\t\t\t\t\t\t\t\t\t<\/div>\n\t\t\t\t<\/div>\n\t\t\t\t<div class=\"elementor-element elementor-element-55ed6d5 elementor-widget elementor-widget-spacer\" data-id=\"55ed6d5\" data-element_type=\"widget\" data-widget_type=\"spacer.default\">\n\t\t\t\t<div class=\"elementor-widget-container\">\n\t\t\t\t\t\t\t<div class=\"elementor-spacer\">\n\t\t\t<div class=\"elementor-spacer-inner\"><\/div>\n\t\t<\/div>\n\t\t\t\t\t\t<\/div>\n\t\t\t\t<\/div>\n\t\t\t\t<div class=\"elementor-element elementor-element-573823c elementor-widget elementor-widget-heading\" data-id=\"573823c\" data-element_type=\"widget\" data-widget_type=\"heading.default\">\n\t\t\t\t<div class=\"elementor-widget-container\">\n\t\t\t\t\t<h5 class=\"elementor-heading-title elementor-size-default\">Produse dulci \u2013 cornule\u021be, fursecuri, pi\u0219coturi<\/h5>\t\t\t\t<\/div>\n\t\t\t\t<\/div>\n\t\t\t\t<div class=\"elementor-element elementor-element-562d00a elementor-widget elementor-widget-spacer\" data-id=\"562d00a\" data-element_type=\"widget\" data-widget_type=\"spacer.default\">\n\t\t\t\t<div class=\"elementor-widget-container\">\n\t\t\t\t\t\t\t<div class=\"elementor-spacer\">\n\t\t\t<div class=\"elementor-spacer-inner\"><\/div>\n\t\t<\/div>\n\t\t\t\t\t\t<\/div>\n\t\t\t\t<\/div>\n\t\t\t\t<div class=\"elementor-element elementor-element-4fb4769 elementor-tablet-align-center elementor-align-center elementor-widget elementor-widget-button\" data-id=\"4fb4769\" data-element_type=\"widget\" data-widget_type=\"button.default\">\n\t\t\t\t<div class=\"elementor-widget-container\">\n\t\t\t\t\t\t\t\t\t<div class=\"elementor-button-wrapper\">\n\t\t\t\t\t<a class=\"elementor-button elementor-button-link elementor-size-sm\" href=\"https:\/\/delaneamu.ro\/en\/produse\/produse-dulci\/\">\n\t\t\t\t\t\t<span class=\"elementor-button-content-wrapper\">\n\t\t\t\t\t\t\t\t\t<span class=\"elementor-button-text\">See sweet products \u2192<\/span>\n\t\t\t\t\t<\/span>\n\t\t\t\t\t<\/a>\n\t\t\t\t<\/div>\n\t\t\t\t\t\t\t\t<\/div>\n\t\t\t\t<\/div>\n\t\t\t\t<\/div>\n\t\t<div class=\"elementor-element elementor-element-6afd94e e-con-full e-flex e-con e-child\" data-id=\"6afd94e\" data-element_type=\"container\">\n\t\t\t\t<div class=\"elementor-element elementor-element-068a084 elementor-widget elementor-widget-image\" data-id=\"068a084\" data-element_type=\"widget\" data-widget_type=\"image.default\">\n\t\t\t\t<div class=\"elementor-widget-container\">\n\t\t\t\t\t\t\t\t\t\t\t\t\t\t\t<img decoding=\"async\" width=\"800\" height=\"395\" data-src=\"https:\/\/delaneamu.ro\/wp-content\/uploads\/2025\/05\/produse_ciocolata-1-1024x505.jpg\" class=\"attachment-large size-large wp-image-415 lazyload\" alt=\"\" data-srcset=\"https:\/\/delaneamu.ro\/wp-content\/uploads\/2025\/05\/produse_ciocolata-1-1024x505.jpg 1024w, https:\/\/delaneamu.ro\/wp-content\/uploads\/2025\/05\/produse_ciocolata-1-300x148.jpg 300w, https:\/\/delaneamu.ro\/wp-content\/uploads\/2025\/05\/produse_ciocolata-1-768x379.jpg 768w, https:\/\/delaneamu.ro\/wp-content\/uploads\/2025\/05\/produse_ciocolata-1-1536x758.jpg 1536w, https:\/\/delaneamu.ro\/wp-content\/uploads\/2025\/05\/produse_ciocolata-1.jpg 1621w\" data-sizes=\"(max-width: 800px) 100vw, 800px\" src=\"data:image\/svg+xml;base64,PHN2ZyB3aWR0aD0iMSIgaGVpZ2h0PSIxIiB4bWxucz0iaHR0cDovL3d3dy53My5vcmcvMjAwMC9zdmciPjwvc3ZnPg==\" style=\"--smush-placeholder-width: 800px; --smush-placeholder-aspect-ratio: 800\/395;\" \/>\t\t\t\t\t\t\t\t\t\t\t\t\t\t\t<\/div>\n\t\t\t\t<\/div>\n\t\t\t\t<div class=\"elementor-element elementor-element-851f5bd elementor-widget elementor-widget-spacer\" data-id=\"851f5bd\" data-element_type=\"widget\" data-widget_type=\"spacer.default\">\n\t\t\t\t<div class=\"elementor-widget-container\">\n\t\t\t\t\t\t\t<div class=\"elementor-spacer\">\n\t\t\t<div class=\"elementor-spacer-inner\"><\/div>\n\t\t<\/div>\n\t\t\t\t\t\t<\/div>\n\t\t\t\t<\/div>\n\t\t\t\t<div class=\"elementor-element elementor-element-373aef6 elementor-invisible elementor-widget elementor-widget-heading\" data-id=\"373aef6\" data-element_type=\"widget\" data-settings=\"{&quot;_animation&quot;:&quot;fadeIn&quot;}\" data-widget_type=\"heading.default\">\n\t\t\t\t<div class=\"elementor-widget-container\">\n\t\t\t\t\t<h5 class=\"elementor-heading-title elementor-size-default\">Batoane ciocolat\u0103 \u2013 de cas\u0103, cu foi napolitan\u0103, duo<\/h5>\t\t\t\t<\/div>\n\t\t\t\t<\/div>\n\t\t\t\t<div class=\"elementor-element elementor-element-2f32953 elementor-widget elementor-widget-spacer\" data-id=\"2f32953\" data-element_type=\"widget\" data-widget_type=\"spacer.default\">\n\t\t\t\t<div class=\"elementor-widget-container\">\n\t\t\t\t\t\t\t<div class=\"elementor-spacer\">\n\t\t\t<div class=\"elementor-spacer-inner\"><\/div>\n\t\t<\/div>\n\t\t\t\t\t\t<\/div>\n\t\t\t\t<\/div>\n\t\t\t\t<div class=\"elementor-element elementor-element-3196365 elementor-tablet-align-center elementor-align-center elementor-widget elementor-widget-button\" data-id=\"3196365\" data-element_type=\"widget\" data-widget_type=\"button.default\">\n\t\t\t\t<div class=\"elementor-widget-container\">\n\t\t\t\t\t\t\t\t\t<div class=\"elementor-button-wrapper\">\n\t\t\t\t\t<a class=\"elementor-button elementor-button-link elementor-size-sm\" href=\"https:\/\/delaneamu.ro\/en\/produse\/batoane-ciocolata\/\">\n\t\t\t\t\t\t<span class=\"elementor-button-content-wrapper\">\n\t\t\t\t\t\t\t\t\t<span class=\"elementor-button-text\">See the chocolate bars \u2192<\/span>\n\t\t\t\t\t<\/span>\n\t\t\t\t\t<\/a>\n\t\t\t\t<\/div>\n\t\t\t\t\t\t\t\t<\/div>\n\t\t\t\t<\/div>\n\t\t\t\t<\/div>\n\t\t<div class=\"elementor-element elementor-element-ccaa1fa e-con-full e-flex e-con e-child\" data-id=\"ccaa1fa\" data-element_type=\"container\">\n\t\t\t\t<div class=\"elementor-element elementor-element-203731b elementor-widget elementor-widget-image\" data-id=\"203731b\" data-element_type=\"widget\" data-widget_type=\"image.default\">\n\t\t\t\t<div class=\"elementor-widget-container\">\n\t\t\t\t\t\t\t\t\t\t\t\t\t\t\t<img decoding=\"async\" width=\"800\" height=\"395\" data-src=\"https:\/\/delaneamu.ro\/wp-content\/uploads\/2025\/05\/produse_premium-1-1024x505.jpg\" class=\"attachment-large size-large wp-image-416 lazyload\" alt=\"\" data-srcset=\"https:\/\/delaneamu.ro\/wp-content\/uploads\/2025\/05\/produse_premium-1-1024x505.jpg 1024w, https:\/\/delaneamu.ro\/wp-content\/uploads\/2025\/05\/produse_premium-1-300x148.jpg 300w, https:\/\/delaneamu.ro\/wp-content\/uploads\/2025\/05\/produse_premium-1-768x379.jpg 768w, https:\/\/delaneamu.ro\/wp-content\/uploads\/2025\/05\/produse_premium-1-1536x758.jpg 1536w, https:\/\/delaneamu.ro\/wp-content\/uploads\/2025\/05\/produse_premium-1.jpg 1621w\" data-sizes=\"(max-width: 800px) 100vw, 800px\" src=\"data:image\/svg+xml;base64,PHN2ZyB3aWR0aD0iMSIgaGVpZ2h0PSIxIiB4bWxucz0iaHR0cDovL3d3dy53My5vcmcvMjAwMC9zdmciPjwvc3ZnPg==\" style=\"--smush-placeholder-width: 800px; --smush-placeholder-aspect-ratio: 800\/395;\" \/>\t\t\t\t\t\t\t\t\t\t\t\t\t\t\t<\/div>\n\t\t\t\t<\/div>\n\t\t\t\t<div class=\"elementor-element elementor-element-77a53d3 elementor-widget elementor-widget-spacer\" data-id=\"77a53d3\" data-element_type=\"widget\" data-widget_type=\"spacer.default\">\n\t\t\t\t<div class=\"elementor-widget-container\">\n\t\t\t\t\t\t\t<div class=\"elementor-spacer\">\n\t\t\t<div class=\"elementor-spacer-inner\"><\/div>\n\t\t<\/div>\n\t\t\t\t\t\t<\/div>\n\t\t\t\t<\/div>\n\t\t\t\t<div class=\"elementor-element elementor-element-fc51955 elementor-invisible elementor-widget elementor-widget-heading\" data-id=\"fc51955\" data-element_type=\"widget\" data-settings=\"{&quot;_animation&quot;:&quot;fadeIn&quot;}\" data-widget_type=\"heading.default\">\n\t\t\t\t<div class=\"elementor-widget-container\">\n\t\t\t\t\t<h5 class=\"elementor-heading-title elementor-size-default\">Produse premium \u2013 griliaj, albinu\u021ba, biscui\u021bi<\/h5>\t\t\t\t<\/div>\n\t\t\t\t<\/div>\n\t\t\t\t<div class=\"elementor-element elementor-element-2e85a14 elementor-widget elementor-widget-spacer\" data-id=\"2e85a14\" data-element_type=\"widget\" data-widget_type=\"spacer.default\">\n\t\t\t\t<div class=\"elementor-widget-container\">\n\t\t\t\t\t\t\t<div class=\"elementor-spacer\">\n\t\t\t<div class=\"elementor-spacer-inner\"><\/div>\n\t\t<\/div>\n\t\t\t\t\t\t<\/div>\n\t\t\t\t<\/div>\n\t\t\t\t<div class=\"elementor-element elementor-element-95fc088 elementor-tablet-align-center elementor-align-center elementor-widget elementor-widget-button\" data-id=\"95fc088\" data-element_type=\"widget\" data-widget_type=\"button.default\">\n\t\t\t\t<div class=\"elementor-widget-container\">\n\t\t\t\t\t\t\t\t\t<div class=\"elementor-button-wrapper\">\n\t\t\t\t\t<a class=\"elementor-button elementor-button-link elementor-size-sm\" href=\"https:\/\/delaneamu.ro\/en\/produse\/produse-premium\/\">\n\t\t\t\t\t\t<span class=\"elementor-button-content-wrapper\">\n\t\t\t\t\t\t\t\t\t<span class=\"elementor-button-text\">See premium products \u2192<\/span>\n\t\t\t\t\t<\/span>\n\t\t\t\t\t<\/a>\n\t\t\t\t<\/div>\n\t\t\t\t\t\t\t\t<\/div>\n\t\t\t\t<\/div>\n\t\t\t\t<\/div>\n\t\t\t\t<\/div>\n\t\t\t\t<\/div>","protected":false},"excerpt":{"rendered":"<p>Produsele noastre Produse f\u0103cute \u00een cas\u0103, de m\u00e2ini iscusite Produse s\u0103rate \u2013 covrigei, s\u0103r\u0103\u021bele, minicovrigei Vezi produsele s\u0103rate \u2192 Produse dulci \u2013 cornule\u021be, fursecuri, pi\u0219coturi Vezi produsele dulci \u2192 Batoane ciocolat\u0103 \u2013 de cas\u0103, cu foi napolitan\u0103, duo Vezi batoanele de ciocolat\u0103 \u2192 Produse premium \u2013 griliaj, albinu\u021ba, biscui\u021bi Vezi produsele premium \u2192<\/p>","protected":false},"author":1,"featured_media":0,"parent":0,"menu_order":0,"comment_status":"closed","ping_status":"closed","template":"elementor_header_footer","meta":{"_acf_changed":false,"footnotes":""},"class_list":["post-61","page","type-page","status-publish","hentry"],"acf":[],"yoast_head":"<!-- This site is optimized with the Yoast SEO plugin v26.0 - https:\/\/yoast.com\/wordpress\/plugins\/seo\/ -->\n<title>Produse - De la Neamu<\/title>\n<meta name=\"robots\" content=\"index, follow, max-snippet:-1, max-image-preview:large, max-video-preview:-1\" \/>\n<link rel=\"canonical\" href=\"https:\/\/delaneamu.ro\/en\/produse\/\" \/>\n<meta property=\"og:locale\" content=\"en_US\" \/>\n<meta property=\"og:type\" content=\"article\" \/>\n<meta property=\"og:title\" content=\"Produse - De la Neamu\" \/>\n<meta property=\"og:description\" content=\"Produsele noastre Produse f\u0103cute \u00een cas\u0103, de m\u00e2ini iscusite Produse s\u0103rate \u2013 covrigei, s\u0103r\u0103\u021bele, minicovrigei Vezi produsele s\u0103rate \u2192 Produse dulci \u2013 cornule\u021be, fursecuri, pi\u0219coturi Vezi produsele dulci \u2192 Batoane ciocolat\u0103 \u2013 de cas\u0103, cu foi napolitan\u0103, duo Vezi batoanele de ciocolat\u0103 \u2192 Produse premium \u2013 griliaj, albinu\u021ba, biscui\u021bi Vezi produsele premium \u2192\" \/>\n<meta property=\"og:url\" content=\"https:\/\/delaneamu.ro\/en\/produse\/\" \/>\n<meta property=\"og:site_name\" content=\"De la Neamu\" \/>\n<meta property=\"article:modified_time\" content=\"2025-09-28T16:29:22+00:00\" \/>\n<meta property=\"og:image\" content=\"https:\/\/delaneamu.ro\/wp-content\/uploads\/2025\/05\/produse_sarate-1-1024x505.jpg\" \/>\n<meta name=\"twitter:card\" content=\"summary_large_image\" \/>\n<meta name=\"twitter:label1\" content=\"Est. reading time\" \/>\n\t<meta name=\"twitter:data1\" content=\"1 minute\" \/>\n<script type=\"application\/ld+json\" class=\"yoast-schema-graph\">{\"@context\":\"https:\/\/schema.org\",\"@graph\":[{\"@type\":\"WebPage\",\"@id\":\"https:\/\/delaneamu.ro\/en\/produse\/\",\"url\":\"https:\/\/delaneamu.ro\/en\/produse\/\",\"name\":\"Produse - De la Neamu\",\"isPartOf\":{\"@id\":\"https:\/\/delaneamu.ro\/en\/#website\"},\"primaryImageOfPage\":{\"@id\":\"https:\/\/delaneamu.ro\/en\/produse\/#primaryimage\"},\"image\":{\"@id\":\"https:\/\/delaneamu.ro\/en\/produse\/#primaryimage\"},\"thumbnailUrl\":\"https:\/\/delaneamu.ro\/wp-content\/uploads\/2025\/05\/produse_sarate-1-1024x505.jpg\",\"datePublished\":\"2025-05-20T07:12:24+00:00\",\"dateModified\":\"2025-09-28T16:29:22+00:00\",\"breadcrumb\":{\"@id\":\"https:\/\/delaneamu.ro\/en\/produse\/#breadcrumb\"},\"inLanguage\":\"en-US\",\"potentialAction\":[{\"@type\":\"ReadAction\",\"target\":[\"https:\/\/delaneamu.ro\/en\/produse\/\"]}]},{\"@type\":\"ImageObject\",\"inLanguage\":\"en-US\",\"@id\":\"https:\/\/delaneamu.ro\/en\/produse\/#primaryimage\",\"url\":\"https:\/\/delaneamu.ro\/wp-content\/uploads\/2025\/05\/produse_sarate-1-1024x505.jpg\",\"contentUrl\":\"https:\/\/delaneamu.ro\/wp-content\/uploads\/2025\/05\/produse_sarate-1-1024x505.jpg\"},{\"@type\":\"BreadcrumbList\",\"@id\":\"https:\/\/delaneamu.ro\/en\/produse\/#breadcrumb\",\"itemListElement\":[{\"@type\":\"ListItem\",\"position\":1,\"name\":\"Home\",\"item\":\"https:\/\/delaneamu.ro\/en\/\"},{\"@type\":\"ListItem\",\"position\":2,\"name\":\"Produse\"}]},{\"@type\":\"WebSite\",\"@id\":\"https:\/\/delaneamu.ro\/en\/#website\",\"url\":\"https:\/\/delaneamu.ro\/en\/\",\"name\":\"De la Neamu\",\"description\":\"Patiserie de cas\u0103\",\"publisher\":{\"@id\":\"https:\/\/delaneamu.ro\/en\/#organization\"},\"potentialAction\":[{\"@type\":\"SearchAction\",\"target\":{\"@type\":\"EntryPoint\",\"urlTemplate\":\"https:\/\/delaneamu.ro\/en\/?s={search_term_string}\"},\"query-input\":{\"@type\":\"PropertyValueSpecification\",\"valueRequired\":true,\"valueName\":\"search_term_string\"}}],\"inLanguage\":\"en-US\"},{\"@type\":\"Organization\",\"@id\":\"https:\/\/delaneamu.ro\/en\/#organization\",\"name\":\"De la Neamu\",\"url\":\"https:\/\/delaneamu.ro\/en\/\",\"logo\":{\"@type\":\"ImageObject\",\"inLanguage\":\"en-US\",\"@id\":\"https:\/\/delaneamu.ro\/en\/#\/schema\/logo\/image\/\",\"url\":\"https:\/\/delaneamu.ro\/wp-content\/uploads\/2025\/05\/logo-de-la-neamu-alb.png\",\"contentUrl\":\"https:\/\/delaneamu.ro\/wp-content\/uploads\/2025\/05\/logo-de-la-neamu-alb.png\",\"width\":556,\"height\":276,\"caption\":\"De la Neamu\"},\"image\":{\"@id\":\"https:\/\/delaneamu.ro\/en\/#\/schema\/logo\/image\/\"}}]}<\/script>\n<!-- \/ Yoast SEO plugin. -->","yoast_head_json":{"title":"Produse - De la Neamu","robots":{"index":"index","follow":"follow","max-snippet":"max-snippet:-1","max-image-preview":"max-image-preview:large","max-video-preview":"max-video-preview:-1"},"canonical":"https:\/\/delaneamu.ro\/en\/produse\/","og_locale":"en_US","og_type":"article","og_title":"Produse - De la Neamu","og_description":"Produsele noastre Produse f\u0103cute \u00een cas\u0103, de m\u00e2ini iscusite Produse s\u0103rate \u2013 covrigei, s\u0103r\u0103\u021bele, minicovrigei Vezi produsele s\u0103rate \u2192 Produse dulci \u2013 cornule\u021be, fursecuri, pi\u0219coturi Vezi produsele dulci \u2192 Batoane ciocolat\u0103 \u2013 de cas\u0103, cu foi napolitan\u0103, duo Vezi batoanele de ciocolat\u0103 \u2192 Produse premium \u2013 griliaj, albinu\u021ba, biscui\u021bi Vezi produsele premium \u2192","og_url":"https:\/\/delaneamu.ro\/en\/produse\/","og_site_name":"De la Neamu","article_modified_time":"2025-09-28T16:29:22+00:00","og_image":[{"url":"https:\/\/delaneamu.ro\/wp-content\/uploads\/2025\/05\/produse_sarate-1-1024x505.jpg","type":"","width":"","height":""}],"twitter_card":"summary_large_image","twitter_misc":{"Est. reading time":"1 minute"},"schema":{"@context":"https:\/\/schema.org","@graph":[{"@type":"WebPage","@id":"https:\/\/delaneamu.ro\/en\/produse\/","url":"https:\/\/delaneamu.ro\/en\/produse\/","name":"Produse - De la Neamu","isPartOf":{"@id":"https:\/\/delaneamu.ro\/en\/#website"},"primaryImageOfPage":{"@id":"https:\/\/delaneamu.ro\/en\/produse\/#primaryimage"},"image":{"@id":"https:\/\/delaneamu.ro\/en\/produse\/#primaryimage"},"thumbnailUrl":"https:\/\/delaneamu.ro\/wp-content\/uploads\/2025\/05\/produse_sarate-1-1024x505.jpg","datePublished":"2025-05-20T07:12:24+00:00","dateModified":"2025-09-28T16:29:22+00:00","breadcrumb":{"@id":"https:\/\/delaneamu.ro\/en\/produse\/#breadcrumb"},"inLanguage":"en-US","potentialAction":[{"@type":"ReadAction","target":["https:\/\/delaneamu.ro\/en\/produse\/"]}]},{"@type":"ImageObject","inLanguage":"en-US","@id":"https:\/\/delaneamu.ro\/en\/produse\/#primaryimage","url":"https:\/\/delaneamu.ro\/wp-content\/uploads\/2025\/05\/produse_sarate-1-1024x505.jpg","contentUrl":"https:\/\/delaneamu.ro\/wp-content\/uploads\/2025\/05\/produse_sarate-1-1024x505.jpg"},{"@type":"BreadcrumbList","@id":"https:\/\/delaneamu.ro\/en\/produse\/#breadcrumb","itemListElement":[{"@type":"ListItem","position":1,"name":"Home","item":"https:\/\/delaneamu.ro\/en\/"},{"@type":"ListItem","position":2,"name":"Produse"}]},{"@type":"WebSite","@id":"https:\/\/delaneamu.ro\/en\/#website","url":"https:\/\/delaneamu.ro\/en\/","name":"De la Neamu","description":"Homemade pastry","publisher":{"@id":"https:\/\/delaneamu.ro\/en\/#organization"},"potentialAction":[{"@type":"SearchAction","target":{"@type":"EntryPoint","urlTemplate":"https:\/\/delaneamu.ro\/en\/?s={search_term_string}"},"query-input":{"@type":"PropertyValueSpecification","valueRequired":true,"valueName":"search_term_string"}}],"inLanguage":"en-US"},{"@type":"Organization","@id":"https:\/\/delaneamu.ro\/en\/#organization","name":"De la Neamu","url":"https:\/\/delaneamu.ro\/en\/","logo":{"@type":"ImageObject","inLanguage":"en-US","@id":"https:\/\/delaneamu.ro\/en\/#\/schema\/logo\/image\/","url":"https:\/\/delaneamu.ro\/wp-content\/uploads\/2025\/05\/logo-de-la-neamu-alb.png","contentUrl":"https:\/\/delaneamu.ro\/wp-content\/uploads\/2025\/05\/logo-de-la-neamu-alb.png","width":556,"height":276,"caption":"De la Neamu"},"image":{"@id":"https:\/\/delaneamu.ro\/en\/#\/schema\/logo\/image\/"}}]}},"_links":{"self":[{"href":"https:\/\/delaneamu.ro\/en\/wp-json\/wp\/v2\/pages\/61","targetHints":{"allow":["GET"]}}],"collection":[{"href":"https:\/\/delaneamu.ro\/en\/wp-json\/wp\/v2\/pages"}],"about":[{"href":"https:\/\/delaneamu.ro\/en\/wp-json\/wp\/v2\/types\/page"}],"author":[{"embeddable":true,"href":"https:\/\/delaneamu.ro\/en\/wp-json\/wp\/v2\/users\/1"}],"replies":[{"embeddable":true,"href":"https:\/\/delaneamu.ro\/en\/wp-json\/wp\/v2\/comments?post=61"}],"version-history":[{"count":206,"href":"https:\/\/delaneamu.ro\/en\/wp-json\/wp\/v2\/pages\/61\/revisions"}],"predecessor-version":[{"id":3434,"href":"https:\/\/delaneamu.ro\/en\/wp-json\/wp\/v2\/pages\/61\/revisions\/3434"}],"wp:attachment":[{"href":"https:\/\/delaneamu.ro\/en\/wp-json\/wp\/v2\/media?parent=61"}],"curies":[{"name":"wp","href":"https:\/\/api.w.org\/{rel}","templated":true}]}}