{"id":44,"date":"2025-05-20T07:12:22","date_gmt":"2025-05-20T07:12:22","guid":{"rendered":"https:\/\/delaneamu.ro\/contact-us\/"},"modified":"2025-10-13T16:30:13","modified_gmt":"2025-10-13T16:30:13","slug":"contact","status":"publish","type":"page","link":"https:\/\/delaneamu.ro\/en\/contact\/","title":{"rendered":"Contact"},"content":{"rendered":"<div data-elementor-type=\"wp-page\" data-elementor-id=\"44\" class=\"elementor elementor-44\" data-elementor-post-type=\"page\">\n\t\t\t\t<div class=\"elementor-element elementor-element-4d0e61d e-con-full e-flex e-con e-parent\" data-id=\"4d0e61d\" data-element_type=\"container\" data-settings=\"{&quot;background_background&quot;:&quot;classic&quot;}\">\n\t\t\t\t<div class=\"elementor-element elementor-element-0d36350 elementor-invisible elementor-widget elementor-widget-heading\" data-id=\"0d36350\" data-element_type=\"widget\" data-settings=\"{&quot;_animation&quot;:&quot;fadeInUp&quot;}\" data-widget_type=\"heading.default\">\n\t\t\t\t<div class=\"elementor-widget-container\">\n\t\t\t\t\t<h1 class=\"elementor-heading-title elementor-size-default\">Contact us<\/h1>\t\t\t\t<\/div>\n\t\t\t\t<\/div>\n\t\t\t\t<\/div>\n\t\t<div class=\"elementor-element elementor-element-1a960f0c e-con-full e-flex e-con e-parent\" data-id=\"1a960f0c\" data-element_type=\"container\">\n\t\t\t\t<div class=\"elementor-element elementor-element-28519ff1 elementor-invisible elementor-widget elementor-widget-text-editor\" data-id=\"28519ff1\" data-element_type=\"widget\" data-settings=\"{&quot;_animation&quot;:&quot;fadeIn&quot;}\" data-widget_type=\"text-editor.default\">\n\t\t\t\t<div class=\"elementor-widget-container\">\n\t\t\t\t\t\t\t\t\t<p><span style=\"font-weight: 400;\">Do you want to collaborate?\u00a0<\/span><\/p>\t\t\t\t\t\t\t\t<\/div>\n\t\t\t\t<\/div>\n\t\t\t\t<div class=\"elementor-element elementor-element-6e7f3a2 elementor-invisible elementor-widget elementor-widget-text-editor\" data-id=\"6e7f3a2\" data-element_type=\"widget\" data-settings=\"{&quot;_animation&quot;:&quot;fadeIn&quot;}\" data-widget_type=\"text-editor.default\">\n\t\t\t\t<div class=\"elementor-widget-container\">\n\t\t\t\t\t\t\t\t\t<p><span style=\"font-weight: 400;\">Fill out the form below and we will respond as soon as possible.<\/span><\/p>\t\t\t\t\t\t\t\t<\/div>\n\t\t\t\t<\/div>\n\t\t\t\t<div class=\"elementor-element elementor-element-40b91a6e elementor-button-align-start elementor-tablet-button-align-center elementor-invisible elementor-widget elementor-widget-form\" data-id=\"40b91a6e\" data-element_type=\"widget\" data-settings=\"{&quot;step_next_label&quot;:&quot;Next&quot;,&quot;step_previous_label&quot;:&quot;Previous&quot;,&quot;_animation&quot;:&quot;fadeIn&quot;,&quot;button_width&quot;:&quot;100&quot;,&quot;step_type&quot;:&quot;number_text&quot;,&quot;step_icon_shape&quot;:&quot;circle&quot;}\" data-widget_type=\"form.default\">\n\t\t\t\t<div class=\"elementor-widget-container\">\n\t\t\t\t\t\t\t<form class=\"elementor-form\" method=\"post\" name=\"delaneamu\" aria-label=\"delaneamu\" novalidate=\"\" action=\"\">\n\t\t\t<input type=\"hidden\" name=\"post_id\" value=\"44\"\/>\n\t\t\t<input type=\"hidden\" name=\"form_id\" value=\"40b91a6e\"\/>\n\t\t\t<input type=\"hidden\" name=\"referer_title\" value=\"Contact - De la Neamu\" \/>\n\n\t\t\t\t\t\t\t<input type=\"hidden\" name=\"queried_id\" value=\"44\"\/>\n\t\t\t\n\t\t\t<div class=\"elementor-form-fields-wrapper elementor-labels-\">\n\t\t\t\t\t\t\t\t<div class=\"elementor-field-type-text elementor-field-group elementor-column elementor-field-group-surname elementor-col-50 elementor-field-required\">\n\t\t\t\t\t\t\t\t\t\t\t\t<label for=\"form-field-surname\" class=\"elementor-field-label elementor-screen-only\">\n\t\t\t\t\t\t\t\tFirst name\t\t\t\t\t\t\t<\/label>\n\t\t\t\t\t\t\t\t\t\t\t\t\t\t<input size=\"1\" type=\"text\" name=\"form_fields[surname]\" id=\"form-field-surname\" class=\"elementor-field elementor-size-xl  elementor-field-textual\" placeholder=\"First name\" required=\"required\">\n\t\t\t\t\t\t\t\t\t\t\t<\/div>\n\t\t\t\t\t\t\t\t<div class=\"elementor-field-type-text elementor-field-group elementor-column elementor-field-group-name elementor-col-50 elementor-field-required\">\n\t\t\t\t\t\t\t\t\t\t\t\t<label for=\"form-field-name\" class=\"elementor-field-label elementor-screen-only\">\n\t\t\t\t\t\t\t\tName\t\t\t\t\t\t\t<\/label>\n\t\t\t\t\t\t\t\t\t\t\t\t\t\t<input size=\"1\" type=\"text\" name=\"form_fields[name]\" id=\"form-field-name\" class=\"elementor-field elementor-size-xl  elementor-field-textual\" placeholder=\"Name\" required=\"required\">\n\t\t\t\t\t\t\t\t\t\t\t<\/div>\n\t\t\t\t\t\t\t\t<div class=\"elementor-field-type-tel elementor-field-group elementor-column elementor-field-group-phone elementor-col-50 elementor-field-required\">\n\t\t\t\t\t\t\t\t\t\t\t\t<label for=\"form-field-phone\" class=\"elementor-field-label elementor-screen-only\">\n\t\t\t\t\t\t\t\tPhone\t\t\t\t\t\t\t<\/label>\n\t\t\t\t\t\t\t\t<input size=\"1\" type=\"tel\" name=\"form_fields[phone]\" id=\"form-field-phone\" class=\"elementor-field elementor-size-xl  elementor-field-textual\" placeholder=\"Phone\" required=\"required\" pattern=\"[0-9()#&amp;+*-=.]+\" title=\"Only numbers and phone characters (#, -, *, etc) are accepted.\">\n\n\t\t\t\t\t\t<\/div>\n\t\t\t\t\t\t\t\t<div class=\"elementor-field-type-email elementor-field-group elementor-column elementor-field-group-email elementor-col-50 elementor-field-required\">\n\t\t\t\t\t\t\t\t\t\t\t\t<label for=\"form-field-email\" class=\"elementor-field-label elementor-screen-only\">\n\t\t\t\t\t\t\t\tE-mail\t\t\t\t\t\t\t<\/label>\n\t\t\t\t\t\t\t\t\t\t\t\t\t\t<input size=\"1\" type=\"email\" name=\"form_fields[email]\" id=\"form-field-email\" class=\"elementor-field elementor-size-xl  elementor-field-textual\" placeholder=\"E-mail\" required=\"required\">\n\t\t\t\t\t\t\t\t\t\t\t<\/div>\n\t\t\t\t\t\t\t\t<div class=\"elementor-field-type-textarea elementor-field-group elementor-column elementor-field-group-message elementor-col-100 elementor-field-required\">\n\t\t\t\t\t\t\t\t\t\t\t\t<label for=\"form-field-message\" class=\"elementor-field-label elementor-screen-only\">\n\t\t\t\t\t\t\t\tMessage\t\t\t\t\t\t\t<\/label>\n\t\t\t\t\t\t<textarea class=\"elementor-field-textual elementor-field  elementor-size-xl\" name=\"form_fields[message]\" id=\"form-field-message\" rows=\"4\" placeholder=\"Message\" required=\"required\"><\/textarea>\t\t\t\t<\/div>\n\t\t\t\t\t\t\t\t<div class=\"elementor-field-group elementor-column elementor-field-type-submit elementor-col-100 e-form__buttons\">\n\t\t\t\t\t<button class=\"elementor-button elementor-size-xs\" type=\"submit\">\n\t\t\t\t\t\t<span class=\"elementor-button-content-wrapper\">\n\t\t\t\t\t\t\t\t\t\t\t\t\t\t\t\t\t\t\t\t\t\t<span class=\"elementor-button-text\">Send message \u2192<\/span>\n\t\t\t\t\t\t\t\t\t\t\t\t\t<\/span>\n\t\t\t\t\t<\/button>\n\t\t\t\t<\/div>\n\t\t\t<\/div>\n\t\t<input type=\"hidden\" name=\"trp-form-language\" value=\"en\"\/><\/form>\n\t\t\t\t\t\t<\/div>\n\t\t\t\t<\/div>\n\t\t\t\t<\/div>\n\t\t\t\t<\/div>","protected":false},"excerpt":{"rendered":"<p>Contacteaz\u0103-ne Vrei s\u0103 colabor\u0103m?\u00a0 Completeaz\u0103 formularul de mai jos \u0219i \u00ee\u021bi r\u0103spundem c\u00e2t mai cur\u00e2nd.<\/p>","protected":false},"author":1,"featured_media":0,"parent":0,"menu_order":0,"comment_status":"closed","ping_status":"closed","template":"elementor_header_footer","meta":{"_acf_changed":false,"footnotes":""},"class_list":["post-44","page","type-page","status-publish","hentry"],"acf":[],"yoast_head":"<!-- This site is optimized with the Yoast SEO plugin v26.0 - https:\/\/yoast.com\/wordpress\/plugins\/seo\/ -->\n<title>Contact - De la Neamu<\/title>\n<meta name=\"robots\" content=\"index, follow, max-snippet:-1, max-image-preview:large, max-video-preview:-1\" \/>\n<link rel=\"canonical\" href=\"https:\/\/delaneamu.ro\/en\/contact\/\" \/>\n<meta property=\"og:locale\" content=\"en_US\" \/>\n<meta property=\"og:type\" content=\"article\" \/>\n<meta property=\"og:title\" content=\"Contact - De la Neamu\" \/>\n<meta property=\"og:description\" content=\"Contacteaz\u0103-ne Vrei s\u0103 colabor\u0103m?\u00a0 Completeaz\u0103 formularul de mai jos \u0219i \u00ee\u021bi r\u0103spundem c\u00e2t mai cur\u00e2nd.\" \/>\n<meta property=\"og:url\" content=\"https:\/\/delaneamu.ro\/en\/contact\/\" \/>\n<meta property=\"og:site_name\" content=\"De la Neamu\" \/>\n<meta property=\"article:modified_time\" content=\"2025-10-13T16:30:13+00:00\" \/>\n<meta name=\"twitter:card\" content=\"summary_large_image\" \/>\n<meta name=\"twitter:label1\" content=\"Est. reading time\" \/>\n\t<meta name=\"twitter:data1\" content=\"1 minute\" \/>\n<script type=\"application\/ld+json\" class=\"yoast-schema-graph\">{\"@context\":\"https:\/\/schema.org\",\"@graph\":[{\"@type\":\"WebPage\",\"@id\":\"https:\/\/delaneamu.ro\/en\/contact\/\",\"url\":\"https:\/\/delaneamu.ro\/en\/contact\/\",\"name\":\"Contact - De la Neamu\",\"isPartOf\":{\"@id\":\"https:\/\/delaneamu.ro\/en\/#website\"},\"datePublished\":\"2025-05-20T07:12:22+00:00\",\"dateModified\":\"2025-10-13T16:30:13+00:00\",\"breadcrumb\":{\"@id\":\"https:\/\/delaneamu.ro\/en\/contact\/#breadcrumb\"},\"inLanguage\":\"en-US\",\"potentialAction\":[{\"@type\":\"ReadAction\",\"target\":[\"https:\/\/delaneamu.ro\/en\/contact\/\"]}]},{\"@type\":\"BreadcrumbList\",\"@id\":\"https:\/\/delaneamu.ro\/en\/contact\/#breadcrumb\",\"itemListElement\":[{\"@type\":\"ListItem\",\"position\":1,\"name\":\"Home\",\"item\":\"https:\/\/delaneamu.ro\/en\/\"},{\"@type\":\"ListItem\",\"position\":2,\"name\":\"Contact\"}]},{\"@type\":\"WebSite\",\"@id\":\"https:\/\/delaneamu.ro\/en\/#website\",\"url\":\"https:\/\/delaneamu.ro\/en\/\",\"name\":\"De la Neamu\",\"description\":\"Patiserie de cas\u0103\",\"publisher\":{\"@id\":\"https:\/\/delaneamu.ro\/en\/#organization\"},\"potentialAction\":[{\"@type\":\"SearchAction\",\"target\":{\"@type\":\"EntryPoint\",\"urlTemplate\":\"https:\/\/delaneamu.ro\/en\/?s={search_term_string}\"},\"query-input\":{\"@type\":\"PropertyValueSpecification\",\"valueRequired\":true,\"valueName\":\"search_term_string\"}}],\"inLanguage\":\"en-US\"},{\"@type\":\"Organization\",\"@id\":\"https:\/\/delaneamu.ro\/en\/#organization\",\"name\":\"De la Neamu\",\"url\":\"https:\/\/delaneamu.ro\/en\/\",\"logo\":{\"@type\":\"ImageObject\",\"inLanguage\":\"en-US\",\"@id\":\"https:\/\/delaneamu.ro\/en\/#\/schema\/logo\/image\/\",\"url\":\"https:\/\/delaneamu.ro\/wp-content\/uploads\/2025\/05\/logo-de-la-neamu-alb.png\",\"contentUrl\":\"https:\/\/delaneamu.ro\/wp-content\/uploads\/2025\/05\/logo-de-la-neamu-alb.png\",\"width\":556,\"height\":276,\"caption\":\"De la Neamu\"},\"image\":{\"@id\":\"https:\/\/delaneamu.ro\/en\/#\/schema\/logo\/image\/\"}}]}<\/script>\n<!-- \/ Yoast SEO plugin. -->","yoast_head_json":{"title":"Contact - De la Neamu","robots":{"index":"index","follow":"follow","max-snippet":"max-snippet:-1","max-image-preview":"max-image-preview:large","max-video-preview":"max-video-preview:-1"},"canonical":"https:\/\/delaneamu.ro\/en\/contact\/","og_locale":"en_US","og_type":"article","og_title":"Contact - De la Neamu","og_description":"Contacteaz\u0103-ne Vrei s\u0103 colabor\u0103m?\u00a0 Completeaz\u0103 formularul de mai jos \u0219i \u00ee\u021bi r\u0103spundem c\u00e2t mai cur\u00e2nd.","og_url":"https:\/\/delaneamu.ro\/en\/contact\/","og_site_name":"De la Neamu","article_modified_time":"2025-10-13T16:30:13+00:00","twitter_card":"summary_large_image","twitter_misc":{"Est. reading time":"1 minute"},"schema":{"@context":"https:\/\/schema.org","@graph":[{"@type":"WebPage","@id":"https:\/\/delaneamu.ro\/en\/contact\/","url":"https:\/\/delaneamu.ro\/en\/contact\/","name":"Contact - De la Neamu","isPartOf":{"@id":"https:\/\/delaneamu.ro\/en\/#website"},"datePublished":"2025-05-20T07:12:22+00:00","dateModified":"2025-10-13T16:30:13+00:00","breadcrumb":{"@id":"https:\/\/delaneamu.ro\/en\/contact\/#breadcrumb"},"inLanguage":"en-US","potentialAction":[{"@type":"ReadAction","target":["https:\/\/delaneamu.ro\/en\/contact\/"]}]},{"@type":"BreadcrumbList","@id":"https:\/\/delaneamu.ro\/en\/contact\/#breadcrumb","itemListElement":[{"@type":"ListItem","position":1,"name":"Home","item":"https:\/\/delaneamu.ro\/en\/"},{"@type":"ListItem","position":2,"name":"Contact"}]},{"@type":"WebSite","@id":"https:\/\/delaneamu.ro\/en\/#website","url":"https:\/\/delaneamu.ro\/en\/","name":"De la Neamu","description":"Homemade pastry","publisher":{"@id":"https:\/\/delaneamu.ro\/en\/#organization"},"potentialAction":[{"@type":"SearchAction","target":{"@type":"EntryPoint","urlTemplate":"https:\/\/delaneamu.ro\/en\/?s={search_term_string}"},"query-input":{"@type":"PropertyValueSpecification","valueRequired":true,"valueName":"search_term_string"}}],"inLanguage":"en-US"},{"@type":"Organization","@id":"https:\/\/delaneamu.ro\/en\/#organization","name":"De la Neamu","url":"https:\/\/delaneamu.ro\/en\/","logo":{"@type":"ImageObject","inLanguage":"en-US","@id":"https:\/\/delaneamu.ro\/en\/#\/schema\/logo\/image\/","url":"https:\/\/delaneamu.ro\/wp-content\/uploads\/2025\/05\/logo-de-la-neamu-alb.png","contentUrl":"https:\/\/delaneamu.ro\/wp-content\/uploads\/2025\/05\/logo-de-la-neamu-alb.png","width":556,"height":276,"caption":"De la Neamu"},"image":{"@id":"https:\/\/delaneamu.ro\/en\/#\/schema\/logo\/image\/"}}]}},"_links":{"self":[{"href":"https:\/\/delaneamu.ro\/en\/wp-json\/wp\/v2\/pages\/44","targetHints":{"allow":["GET"]}}],"collection":[{"href":"https:\/\/delaneamu.ro\/en\/wp-json\/wp\/v2\/pages"}],"about":[{"href":"https:\/\/delaneamu.ro\/en\/wp-json\/wp\/v2\/types\/page"}],"author":[{"embeddable":true,"href":"https:\/\/delaneamu.ro\/en\/wp-json\/wp\/v2\/users\/1"}],"replies":[{"embeddable":true,"href":"https:\/\/delaneamu.ro\/en\/wp-json\/wp\/v2\/comments?post=44"}],"version-history":[{"count":281,"href":"https:\/\/delaneamu.ro\/en\/wp-json\/wp\/v2\/pages\/44\/revisions"}],"predecessor-version":[{"id":3711,"href":"https:\/\/delaneamu.ro\/en\/wp-json\/wp\/v2\/pages\/44\/revisions\/3711"}],"wp:attachment":[{"href":"https:\/\/delaneamu.ro\/en\/wp-json\/wp\/v2\/media?parent=44"}],"curies":[{"name":"wp","href":"https:\/\/api.w.org\/{rel}","templated":true}]}}